{"id":1064,"date":"2023-11-01T14:31:15","date_gmt":"2023-11-01T13:31:15","guid":{"rendered":"https:\/\/dkllaw.com\/om-os\/"},"modified":"2026-01-15T14:27:17","modified_gmt":"2026-01-15T13:27:17","slug":"om","status":"publish","type":"page","link":"https:\/\/dkllaw.com\/en\/om\/","title":{"rendered":"About"},"content":{"rendered":"<div data-elementor-type=\"wp-post\" data-elementor-id=\"1064\" class=\"elementor elementor-1064\" data-elementor-post-type=\"page\">\n\t\t\t\t<div class=\"elementor-element elementor-element-9de0fef e-flex e-con-boxed e-con e-parent\" data-id=\"9de0fef\" data-element_type=\"container\" data-e-type=\"container\" data-settings=\"{&quot;background_background&quot;:&quot;classic&quot;}\">\n\t\t\t\t\t<div class=\"e-con-inner\">\n\t\t\t\t<div class=\"elementor-element elementor-element-72ae3c7 elementor-widget elementor-widget-heading\" data-id=\"72ae3c7\" data-element_type=\"widget\" data-e-type=\"widget\" data-widget_type=\"heading.default\">\n\t\t\t\t<div class=\"elementor-widget-container\">\n\t\t\t\t\t<h1 class=\"elementor-heading-title elementor-size-default\">About Dianati &amp; Klink Larsen<\/h1>\t\t\t\t<\/div>\n\t\t\t\t<\/div>\n\t\t\t\t\t<\/div>\n\t\t\t\t<\/div>\n\t\t<div class=\"elementor-element elementor-element-3d35e0c e-flex e-con-boxed e-con e-parent\" data-id=\"3d35e0c\" data-element_type=\"container\" data-e-type=\"container\">\n\t\t\t\t\t<div class=\"e-con-inner\">\n\t\t<div class=\"elementor-element elementor-element-b1e29e7 e-con-full e-flex e-con e-child\" data-id=\"b1e29e7\" data-element_type=\"container\" data-e-type=\"container\" data-settings=\"{&quot;background_background&quot;:&quot;classic&quot;}\">\n\t\t\t\t<\/div>\n\t\t<div class=\"elementor-element elementor-element-cf7dd53 e-con-full e-flex e-con e-child\" data-id=\"cf7dd53\" data-element_type=\"container\" data-e-type=\"container\">\n\t\t<div class=\"elementor-element elementor-element-750c826 e-con-full e-flex e-con e-child\" data-id=\"750c826\" data-element_type=\"container\" data-e-type=\"container\">\n\t\t\t\t<div class=\"elementor-element elementor-element-144604c elementor-widget elementor-widget-text-editor\" data-id=\"144604c\" data-element_type=\"widget\" data-e-type=\"widget\" data-widget_type=\"text-editor.default\">\n\t\t\t\t<div class=\"elementor-widget-container\">\n\t\t\t\t\t\t\t\t\t<p>Dianati &amp; Klink Larsen is a leading top-tier construction and real-estate law boutique powered by a full-service network of law firms, enabling us to offer full legal services of the highest quality.<\/p>\t\t\t\t\t\t\t\t<\/div>\n\t\t\t\t<\/div>\n\t\t\t\t<\/div>\n\t\t<div class=\"elementor-element elementor-element-a4883d2 e-con-full e-flex e-con e-child\" data-id=\"a4883d2\" data-element_type=\"container\" data-e-type=\"container\">\n\t\t\t\t<div class=\"elementor-element elementor-element-803c00a elementor-widget elementor-widget-heading\" data-id=\"803c00a\" data-element_type=\"widget\" data-e-type=\"widget\" data-widget_type=\"heading.default\">\n\t\t\t\t<div class=\"elementor-widget-container\">\n\t\t\t\t\t<h3 class=\"elementor-heading-title elementor-size-default\">Highly specialised<\/h3>\t\t\t\t<\/div>\n\t\t\t\t<\/div>\n\t\t\t\t<div class=\"elementor-element elementor-element-3b71aa5 elementor-widget elementor-widget-text-editor\" data-id=\"3b71aa5\" data-element_type=\"widget\" data-e-type=\"widget\" data-widget_type=\"text-editor.default\">\n\t\t\t\t<div class=\"elementor-widget-container\">\n\t\t\t\t\t\t\t\t\t<p>Our attorneys are highly specialised and internationally recognised among the leading attorneys in construction law and other legal disciplines aimed at the building and construction sector. We are ambitious for ourselves and for our clients and aim to provide legal services of the very highest quality.<\/p>\t\t\t\t\t\t\t\t<\/div>\n\t\t\t\t<\/div>\n\t\t\t\t<\/div>\n\t\t<div class=\"elementor-element elementor-element-cc0cc70 e-con-full e-flex e-con e-child\" data-id=\"cc0cc70\" data-element_type=\"container\" data-e-type=\"container\">\n\t\t\t\t<div class=\"elementor-element elementor-element-6218fe4 elementor-widget elementor-widget-heading\" data-id=\"6218fe4\" data-element_type=\"widget\" data-e-type=\"widget\" data-widget_type=\"heading.default\">\n\t\t\t\t<div class=\"elementor-widget-container\">\n\t\t\t\t\t<h3 class=\"elementor-heading-title elementor-size-default\">Full-service<\/h3>\t\t\t\t<\/div>\n\t\t\t\t<\/div>\n\t\t\t\t<div class=\"elementor-element elementor-element-130a829 elementor-widget elementor-widget-text-editor\" data-id=\"130a829\" data-element_type=\"widget\" data-e-type=\"widget\" data-widget_type=\"text-editor.default\">\n\t\t\t\t<div class=\"elementor-widget-container\">\n\t\t\t\t\t\t\t\t\t<p>We are a highly specialised niche law firm powered by a full-service network of law firms. We cooperate with select specialist law firms in legal fields outside our own specialist areas. In this way, we are able to provide full-service advice across all legal disciplines, tailored to the needs of each individual client. Despite being a highly specialised niche law firm, we are able to assist our clients with any legal issue through our cooperation with other specialist law firms..<\/p>\t\t\t\t\t\t\t\t<\/div>\n\t\t\t\t<\/div>\n\t\t\t\t<\/div>\n\t\t<div class=\"elementor-element elementor-element-1b40a10 e-con-full e-flex e-con e-child\" data-id=\"1b40a10\" data-element_type=\"container\" data-e-type=\"container\">\n\t\t\t\t<div class=\"elementor-element elementor-element-2804037 elementor-widget elementor-widget-heading\" data-id=\"2804037\" data-element_type=\"widget\" data-e-type=\"widget\" data-widget_type=\"heading.default\">\n\t\t\t\t<div class=\"elementor-widget-container\">\n\t\t\t\t\t<h3 class=\"elementor-heading-title elementor-size-default\">Parking<\/h3>\t\t\t\t<\/div>\n\t\t\t\t<\/div>\n\t\t\t\t<div class=\"elementor-element elementor-element-97f655e elementor-widget elementor-widget-text-editor\" data-id=\"97f655e\" data-element_type=\"widget\" data-e-type=\"widget\" data-widget_type=\"text-editor.default\">\n\t\t\t\t<div class=\"elementor-widget-container\">\n\t\t\t\t\t\t\t\t\t<p>Dianati &amp; Klink Larsen is based in central Copenhagen. Parking space is available near our office, and clients are welcome to contact us for parking space in advance of meetings. If, at the time of a meeting, no parking space is available, the local multi-storey car parks can be used. Clients\u2019 parking expenses in connection with meetings at Hauser Plads will be paid or reimbursed by Dianati &amp; Klink Larsen.<\/p>\t\t\t\t\t\t\t\t<\/div>\n\t\t\t\t<\/div>\n\t\t\t\t<\/div>\n\t\t\t\t<\/div>\n\t\t\t\t\t<\/div>\n\t\t\t\t<\/div>\n\t\t<div class=\"elementor-element elementor-element-9276a91 e-flex e-con-boxed e-con e-parent\" data-id=\"9276a91\" data-element_type=\"container\" data-e-type=\"container\">\n\t\t\t\t\t<div class=\"e-con-inner\">\n\t\t\t\t<div class=\"elementor-element elementor-element-2d019e5 elementor-widget elementor-widget-heading\" data-id=\"2d019e5\" data-element_type=\"widget\" data-e-type=\"widget\" data-widget_type=\"heading.default\">\n\t\t\t\t<div class=\"elementor-widget-container\">\n\t\t\t\t\t<h2 class=\"elementor-heading-title elementor-size-default\">Bank details<\/h2>\t\t\t\t<\/div>\n\t\t\t\t<\/div>\n\t\t<div class=\"elementor-element elementor-element-a14a1bc e-con-full e-flex e-con e-child\" data-id=\"a14a1bc\" data-element_type=\"container\" data-e-type=\"container\">\n\t\t<div class=\"elementor-element elementor-element-2745c82 e-con-full e-flex e-con e-child\" data-id=\"2745c82\" data-element_type=\"container\" data-e-type=\"container\" data-settings=\"{&quot;background_background&quot;:&quot;classic&quot;}\">\n\t\t\t\t<div class=\"elementor-element elementor-element-bfc2c73 elementor-widget elementor-widget-heading\" data-id=\"bfc2c73\" data-element_type=\"widget\" data-e-type=\"widget\" data-widget_type=\"heading.default\">\n\t\t\t\t<div class=\"elementor-widget-container\">\n\t\t\t\t\t<h3 class=\"elementor-heading-title elementor-size-default\">Jyske Bank<\/h3>\t\t\t\t<\/div>\n\t\t\t\t<\/div>\n\t\t\t\t<div class=\"elementor-element elementor-element-1f240e5 elementor-icon-list--layout-traditional elementor-list-item-link-full_width elementor-widget elementor-widget-icon-list\" data-id=\"1f240e5\" data-element_type=\"widget\" data-e-type=\"widget\" data-widget_type=\"icon-list.default\">\n\t\t\t\t<div class=\"elementor-widget-container\">\n\t\t\t\t\t\t\t<ul class=\"elementor-icon-list-items\">\n\t\t\t\t\t\t\t<li class=\"elementor-icon-list-item\">\n\t\t\t\t\t\t\t\t\t\t<span class=\"elementor-icon-list-text\">Kalvebod Brygge 3 <br> 1560 K\u00f8benhavn V<\/span>\n\t\t\t\t\t\t\t\t\t<\/li>\n\t\t\t\t\t\t<\/ul>\n\t\t\t\t\t\t<\/div>\n\t\t\t\t<\/div>\n\t\t\t\t<\/div>\n\t\t<div class=\"elementor-element elementor-element-8c12e14 e-con-full e-flex e-con e-child\" data-id=\"8c12e14\" data-element_type=\"container\" data-e-type=\"container\" data-settings=\"{&quot;background_background&quot;:&quot;classic&quot;}\">\n\t\t\t\t<div class=\"elementor-element elementor-element-1701e64 elementor-widget elementor-widget-heading\" data-id=\"1701e64\" data-element_type=\"widget\" data-e-type=\"widget\" data-widget_type=\"heading.default\">\n\t\t\t\t<div class=\"elementor-widget-container\">\n\t\t\t\t\t<h3 class=\"elementor-heading-title elementor-size-default\">Client account<\/h3>\t\t\t\t<\/div>\n\t\t\t\t<\/div>\n\t\t\t\t<div class=\"elementor-element elementor-element-f4a670d elementor-icon-list--layout-traditional elementor-list-item-link-full_width elementor-widget elementor-widget-icon-list\" data-id=\"f4a670d\" data-element_type=\"widget\" data-e-type=\"widget\" data-widget_type=\"icon-list.default\">\n\t\t\t\t<div class=\"elementor-widget-container\">\n\t\t\t\t\t\t\t<ul class=\"elementor-icon-list-items\">\n\t\t\t\t\t\t\t<li class=\"elementor-icon-list-item\">\n\t\t\t\t\t\t\t\t\t\t<span class=\"elementor-icon-list-text\">Account number: 7134-1133560<\/span>\n\t\t\t\t\t\t\t\t\t<\/li>\n\t\t\t\t\t\t\t\t<li class=\"elementor-icon-list-item\">\n\t\t\t\t\t\t\t\t\t\t<span class=\"elementor-icon-list-text\">BIC\/SWIFT: JYBADKKK<\/span>\n\t\t\t\t\t\t\t\t\t<\/li>\n\t\t\t\t\t\t\t\t<li class=\"elementor-icon-list-item\">\n\t\t\t\t\t\t\t\t\t\t<span class=\"elementor-icon-list-text\">IBAN: DK2971340001133560<\/span>\n\t\t\t\t\t\t\t\t\t<\/li>\n\t\t\t\t\t\t<\/ul>\n\t\t\t\t\t\t<\/div>\n\t\t\t\t<\/div>\n\t\t\t\t<\/div>\n\t\t<div class=\"elementor-element elementor-element-e4cfd03 e-con-full e-flex e-con e-child\" data-id=\"e4cfd03\" data-element_type=\"container\" data-e-type=\"container\" data-settings=\"{&quot;background_background&quot;:&quot;classic&quot;}\">\n\t\t\t\t<div class=\"elementor-element elementor-element-30071c9 elementor-widget elementor-widget-heading\" data-id=\"30071c9\" data-element_type=\"widget\" data-e-type=\"widget\" data-widget_type=\"heading.default\">\n\t\t\t\t<div class=\"elementor-widget-container\">\n\t\t\t\t\t<h3 class=\"elementor-heading-title elementor-size-default\">Invoice payments<\/h3>\t\t\t\t<\/div>\n\t\t\t\t<\/div>\n\t\t\t\t<div class=\"elementor-element elementor-element-6b1e662 elementor-icon-list--layout-traditional elementor-list-item-link-full_width elementor-widget elementor-widget-icon-list\" data-id=\"6b1e662\" data-element_type=\"widget\" data-e-type=\"widget\" data-widget_type=\"icon-list.default\">\n\t\t\t\t<div class=\"elementor-widget-container\">\n\t\t\t\t\t\t\t<ul class=\"elementor-icon-list-items\">\n\t\t\t\t\t\t\t<li class=\"elementor-icon-list-item\">\n\t\t\t\t\t\t\t\t\t\t<span class=\"elementor-icon-list-text\">Account number: 7134-4428769<\/span>\n\t\t\t\t\t\t\t\t\t<\/li>\n\t\t\t\t\t\t\t\t<li class=\"elementor-icon-list-item\">\n\t\t\t\t\t\t\t\t\t\t<span class=\"elementor-icon-list-text\">BIC\/SWIFT: JYBADKKK<\/span>\n\t\t\t\t\t\t\t\t\t<\/li>\n\t\t\t\t\t\t\t\t<li class=\"elementor-icon-list-item\">\n\t\t\t\t\t\t\t\t\t\t<span class=\"elementor-icon-list-text\">IBAN: DK1771340004428769<\/span>\n\t\t\t\t\t\t\t\t\t<\/li>\n\t\t\t\t\t\t<\/ul>\n\t\t\t\t\t\t<\/div>\n\t\t\t\t<\/div>\n\t\t\t\t<\/div>\n\t\t\t\t<\/div>\n\t\t\t\t\t<\/div>\n\t\t\t\t<\/div>\n\t\t\t\t<\/div>","protected":false},"excerpt":{"rendered":"<p>Om Dianati &amp; Klink Larsen Dianati &amp; Klink Larsen er et f\u00f8rende h\u00f8jt specialiseret advokatfirma m\u00e5lrettet bygge- og anl\u00e6gssektoren med et full service-netv\u00e6rk af advokatvirksomheder i ryggen, s\u00e5 vi kan levere komplette juridiske ydelser af den allerh\u00f8jeste kvalitet. H\u00f8jt specialiserede Vores advokater er h\u00f8jt specialiserede og internationalt anerkendte blandt de f\u00f8rende inden for entrepriseretten og [&hellip;]<\/p>\n","protected":false},"author":1,"featured_media":0,"parent":0,"menu_order":0,"comment_status":"closed","ping_status":"closed","template":"","meta":{"_acf_changed":false,"footnotes":""},"class_list":["post-1064","page","type-page","status-publish","hentry"],"acf":[],"yoast_head":"<!-- This site is optimized with the Yoast SEO plugin v27.4 - https:\/\/yoast.com\/product\/yoast-seo-wordpress\/ -->\n<title>Om - Dianati &amp; Klink Larsen<\/title>\n<meta name=\"robots\" content=\"index, follow, max-snippet:-1, max-image-preview:large, max-video-preview:-1\" \/>\n<link rel=\"canonical\" href=\"https:\/\/dkllaw.com\/en\/om\/\" \/>\n<meta property=\"og:locale\" content=\"en_GB\" \/>\n<meta property=\"og:type\" content=\"article\" \/>\n<meta property=\"og:title\" content=\"Om - Dianati &amp; Klink Larsen\" \/>\n<meta property=\"og:description\" content=\"Om Dianati &amp; Klink Larsen Dianati &amp; Klink Larsen er et f\u00f8rende h\u00f8jt specialiseret advokatfirma m\u00e5lrettet bygge- og anl\u00e6gssektoren med et full service-netv\u00e6rk af advokatvirksomheder i ryggen, s\u00e5 vi kan levere komplette juridiske ydelser af den allerh\u00f8jeste kvalitet. H\u00f8jt specialiserede Vores advokater er h\u00f8jt specialiserede og internationalt anerkendte blandt de f\u00f8rende inden for entrepriseretten og [&hellip;]\" \/>\n<meta property=\"og:url\" content=\"https:\/\/dkllaw.com\/en\/om\/\" \/>\n<meta property=\"og:site_name\" content=\"Dianati &amp; Klink Larsen\" \/>\n<meta property=\"article:modified_time\" content=\"2026-01-15T13:27:17+00:00\" \/>\n<meta property=\"og:image\" content=\"https:\/\/dkllaw.com\/wp-content\/uploads\/HAUS_Reception_34_sh_-1.jpg\" \/>\n\t<meta property=\"og:image:width\" content=\"2000\" \/>\n\t<meta property=\"og:image:height\" content=\"1094\" \/>\n\t<meta property=\"og:image:type\" content=\"image\/jpeg\" \/>\n<meta name=\"twitter:card\" content=\"summary_large_image\" \/>\n<meta name=\"twitter:label1\" content=\"Estimated reading time\" \/>\n\t<meta name=\"twitter:data1\" content=\"2 minutes\" \/>\n<script type=\"application\/ld+json\" class=\"yoast-schema-graph\">{\"@context\":\"https:\\\/\\\/schema.org\",\"@graph\":[{\"@type\":\"WebPage\",\"@id\":\"https:\\\/\\\/dkllaw.com\\\/om\\\/\",\"url\":\"https:\\\/\\\/dkllaw.com\\\/om\\\/\",\"name\":\"Om - Dianati &amp; Klink Larsen\",\"isPartOf\":{\"@id\":\"https:\\\/\\\/dkllaw.com\\\/#website\"},\"datePublished\":\"2023-11-01T13:31:15+00:00\",\"dateModified\":\"2026-01-15T13:27:17+00:00\",\"breadcrumb\":{\"@id\":\"https:\\\/\\\/dkllaw.com\\\/om\\\/#breadcrumb\"},\"inLanguage\":\"en-GB\",\"potentialAction\":[{\"@type\":\"ReadAction\",\"target\":[\"https:\\\/\\\/dkllaw.com\\\/om\\\/\"]}]},{\"@type\":\"BreadcrumbList\",\"@id\":\"https:\\\/\\\/dkllaw.com\\\/om\\\/#breadcrumb\",\"itemListElement\":[{\"@type\":\"ListItem\",\"position\":1,\"name\":\"Forside\",\"item\":\"https:\\\/\\\/dkllaw.com\\\/\"},{\"@type\":\"ListItem\",\"position\":2,\"name\":\"Om\"}]},{\"@type\":\"WebSite\",\"@id\":\"https:\\\/\\\/dkllaw.com\\\/#website\",\"url\":\"https:\\\/\\\/dkllaw.com\\\/\",\"name\":\"Dianati &amp; Klink Larsen\",\"description\":\"\",\"publisher\":{\"@id\":\"https:\\\/\\\/dkllaw.com\\\/#organization\"},\"potentialAction\":[{\"@type\":\"SearchAction\",\"target\":{\"@type\":\"EntryPoint\",\"urlTemplate\":\"https:\\\/\\\/dkllaw.com\\\/?s={search_term_string}\"},\"query-input\":{\"@type\":\"PropertyValueSpecification\",\"valueRequired\":true,\"valueName\":\"search_term_string\"}}],\"inLanguage\":\"en-GB\"},{\"@type\":\"Organization\",\"@id\":\"https:\\\/\\\/dkllaw.com\\\/#organization\",\"name\":\"Dianati &amp; Klink Larsen\",\"url\":\"https:\\\/\\\/dkllaw.com\\\/\",\"logo\":{\"@type\":\"ImageObject\",\"inLanguage\":\"en-GB\",\"@id\":\"https:\\\/\\\/dkllaw.com\\\/#\\\/schema\\\/logo\\\/image\\\/\",\"url\":\"https:\\\/\\\/dkllaw.com\\\/wp-content\\\/uploads\\\/logo-sort.svg\",\"contentUrl\":\"https:\\\/\\\/dkllaw.com\\\/wp-content\\\/uploads\\\/logo-sort.svg\",\"width\":865,\"height\":119,\"caption\":\"Dianati &amp; Klink Larsen\"},\"image\":{\"@id\":\"https:\\\/\\\/dkllaw.com\\\/#\\\/schema\\\/logo\\\/image\\\/\"}}]}<\/script>\n<!-- \/ Yoast SEO plugin. -->","yoast_head_json":{"title":"Om - Dianati &amp; Klink Larsen","robots":{"index":"index","follow":"follow","max-snippet":"max-snippet:-1","max-image-preview":"max-image-preview:large","max-video-preview":"max-video-preview:-1"},"canonical":"https:\/\/dkllaw.com\/en\/om\/","og_locale":"en_GB","og_type":"article","og_title":"Om - Dianati &amp; Klink Larsen","og_description":"Om Dianati &amp; Klink Larsen Dianati &amp; Klink Larsen er et f\u00f8rende h\u00f8jt specialiseret advokatfirma m\u00e5lrettet bygge- og anl\u00e6gssektoren med et full service-netv\u00e6rk af advokatvirksomheder i ryggen, s\u00e5 vi kan levere komplette juridiske ydelser af den allerh\u00f8jeste kvalitet. H\u00f8jt specialiserede Vores advokater er h\u00f8jt specialiserede og internationalt anerkendte blandt de f\u00f8rende inden for entrepriseretten og [&hellip;]","og_url":"https:\/\/dkllaw.com\/en\/om\/","og_site_name":"Dianati &amp; Klink Larsen","article_modified_time":"2026-01-15T13:27:17+00:00","og_image":[{"width":2000,"height":1094,"url":"https:\/\/dkllaw.com\/wp-content\/uploads\/HAUS_Reception_34_sh_-1.jpg","type":"image\/jpeg"}],"twitter_card":"summary_large_image","twitter_misc":{"Estimated reading time":"2 minutes"},"schema":{"@context":"https:\/\/schema.org","@graph":[{"@type":"WebPage","@id":"https:\/\/dkllaw.com\/om\/","url":"https:\/\/dkllaw.com\/om\/","name":"Om - Dianati &amp; Klink Larsen","isPartOf":{"@id":"https:\/\/dkllaw.com\/#website"},"datePublished":"2023-11-01T13:31:15+00:00","dateModified":"2026-01-15T13:27:17+00:00","breadcrumb":{"@id":"https:\/\/dkllaw.com\/om\/#breadcrumb"},"inLanguage":"en-GB","potentialAction":[{"@type":"ReadAction","target":["https:\/\/dkllaw.com\/om\/"]}]},{"@type":"BreadcrumbList","@id":"https:\/\/dkllaw.com\/om\/#breadcrumb","itemListElement":[{"@type":"ListItem","position":1,"name":"Forside","item":"https:\/\/dkllaw.com\/"},{"@type":"ListItem","position":2,"name":"Om"}]},{"@type":"WebSite","@id":"https:\/\/dkllaw.com\/#website","url":"https:\/\/dkllaw.com\/","name":"Dianati &amp; Klink Larsen","description":"","publisher":{"@id":"https:\/\/dkllaw.com\/#organization"},"potentialAction":[{"@type":"SearchAction","target":{"@type":"EntryPoint","urlTemplate":"https:\/\/dkllaw.com\/?s={search_term_string}"},"query-input":{"@type":"PropertyValueSpecification","valueRequired":true,"valueName":"search_term_string"}}],"inLanguage":"en-GB"},{"@type":"Organization","@id":"https:\/\/dkllaw.com\/#organization","name":"Dianati &amp; Klink Larsen","url":"https:\/\/dkllaw.com\/","logo":{"@type":"ImageObject","inLanguage":"en-GB","@id":"https:\/\/dkllaw.com\/#\/schema\/logo\/image\/","url":"https:\/\/dkllaw.com\/wp-content\/uploads\/logo-sort.svg","contentUrl":"https:\/\/dkllaw.com\/wp-content\/uploads\/logo-sort.svg","width":865,"height":119,"caption":"Dianati &amp; Klink Larsen"},"image":{"@id":"https:\/\/dkllaw.com\/#\/schema\/logo\/image\/"}}]}},"_links":{"self":[{"href":"https:\/\/dkllaw.com\/en\/wp-json\/wp\/v2\/pages\/1064","targetHints":{"allow":["GET"]}}],"collection":[{"href":"https:\/\/dkllaw.com\/en\/wp-json\/wp\/v2\/pages"}],"about":[{"href":"https:\/\/dkllaw.com\/en\/wp-json\/wp\/v2\/types\/page"}],"author":[{"embeddable":true,"href":"https:\/\/dkllaw.com\/en\/wp-json\/wp\/v2\/users\/1"}],"replies":[{"embeddable":true,"href":"https:\/\/dkllaw.com\/en\/wp-json\/wp\/v2\/comments?post=1064"}],"version-history":[{"count":20,"href":"https:\/\/dkllaw.com\/en\/wp-json\/wp\/v2\/pages\/1064\/revisions"}],"predecessor-version":[{"id":3960,"href":"https:\/\/dkllaw.com\/en\/wp-json\/wp\/v2\/pages\/1064\/revisions\/3960"}],"wp:attachment":[{"href":"https:\/\/dkllaw.com\/en\/wp-json\/wp\/v2\/media?parent=1064"}],"curies":[{"name":"wp","href":"https:\/\/api.w.org\/{rel}","templated":true}]}}